{"id":25601,"date":"2021-04-15T10:46:33","date_gmt":"2021-04-15T14:46:33","guid":{"rendered":"https:\/\/novosta.com\/home\/"},"modified":"2022-01-14T13:20:43","modified_gmt":"2022-01-14T17:20:43","slug":"home","status":"publish","type":"page","link":"https:\/\/novosta.com\/fr\/","title":{"rendered":"Accueil"},"content":{"rendered":"\n\n\t\t\t\t<img loading=\"lazy\" decoding=\"async\" src=\"https:\/\/novosta.com\/wp-content\/uploads\/vizera-logo-white.png\" alt=\"vizera-logo-white\" itemprop=\"image\" height=\"107\" width=\"500\" title=\"vizera-logo-white\" onerror=\"this.style.display='none'\"  \/>\n\t<h2>\n\t\t\t\tVisi\u00e8re de protection\n\t\t\t<\/h2>\n\t\t\t<p>Le syst\u00e8me de suspension innovant \u00e0 3 points de VIZERA r\u00e9partit uniform\u00e9ment le poids de la visi\u00e8re sur et autour de la t\u00eate, r\u00e9duisant la pression sur le front jusqu&rsquo;\u00e0 80 \u00e0 90% aidant \u00e0 \u00e9liminer les maux de t\u00eate, les migraines et autres probl\u00e8mes souvent caus\u00e9s par les visi\u00e8res conventionnelles \u00e0 serrage unique.<\/p>\t\n\t\t\t<a href=\"#attente\" target=\"_self\" role=\"button\" aria-label=\"Liste d&#039;attente\" rel=\"noopener\">\n\t\t\t\t\t\t\tListe d&rsquo;attente\n\t\t<\/a>\n\t\t\t<a href=\"#vizera\" target=\"_self\" rel=\"nofollow noopener\" role=\"button\" aria-label=\"En savoir plus\">\n\t\t\t\t\t\t\tEn savoir plus\n\t\t<\/a>\n\t\t\t<img decoding=\"async\" src=\"https:\/\/novosta.com\/wp-content\/uploads\/\/Novosta-Vizera-Face-Shield-7-1100x1100.jpg\" alt=\"\"\/>\n\t\t\t\t\t\t\t\t\t\t Marker 1 \n\t\t\t\t\t\t\t\t\t\t\t\t\t\t<p><strong>Syst\u00e8me de crochet int\u00e9gr\u00e9<\/strong><br \/>R\u00e9duit la fatigue auditive lors du port du N95 et d&rsquo;autres types de masques faciaux.<\/p>\t\t\t\t\t\t\t\t\t\t\t\t\t\n\t\t\t\t\t\t\t\t\t\t Marker 2 \n\t\t\t\t\t\t\t\t\t\t\t\t\t\t<p><strong>Integrated hook system<br \/><\/strong>Reduces ear strain when wearing N95 and other types of face masks.<\/p>\t\t\t\t\t\t\t\t\t\t\t\t\t\n\t\t\t\t\t\t\t\t\t\t Marker 3 \n\t\t\t\t\t\t\t\t\t\t\t\t\t\t<p><strong>Integrated hook system<br \/><\/strong>Reduces ear strain when wearing N95 and other types of face masks.<\/p>\t\t\t\t\t\t\t\t\t\t\t\t\t\n\t<h5>\n\t\t\t\tCaract\u00e9ristiques uniques\n\t\t\t<\/h5>\n\t<h2>\n\t\t\t\tUn confort optimal pour tous les professionnels qui doivent porter du EPI pendant de longues p\u00e9riodes\n\t\t\t<\/h2>\n\t\t\t<p>Ce qui diff\u00e9rencie VIZERA des autres visi\u00e8res est son syst\u00e8me de suspension \u00e0 3 points qui r\u00e9partit uniform\u00e9ment le poids de la visi\u00e8re sur et autour de la t\u00eate, r\u00e9duisant la pression sur le front de 80 \u00e0 90%. Cela garantit un confort optimal pour tous les professionnels qui doivent porter du PPP pendant de longues p\u00e9riodes tout en r\u00e9duisant les maux de t\u00eate, les migraines et autres probl\u00e8mes souvent caus\u00e9s par les visi\u00e8res conventionnelles \u00e0 serrage unique.<\/p>\n\t<ul>\n\t\t<li>\t\t\t\t\n\t\tSyst\u00e8me de support en 3 points<\/li><li>\t\t\t\t\n\t\tCrochet de sangle int\u00e9gr\u00e9<\/li><li>\t\t\t\t\n\t\tMat\u00e9riaux r\u00e9utilisables<\/li>\t<\/ul>\n\t\t\t<a href=\"https:\/\/novosta.com\/fr\/produit\/visiere-de-protection-vizera\/\" target=\"_self\" role=\"button\" aria-label=\"D\u00e9tails et photos\" rel=\"noopener\">\n\t\t\t\t\t\t\tD\u00e9tails et photos\n\t\t<\/a>\n\t<h2>\n\t\t\t\tQu&rsquo;est-ce qui rend Vizera diff\u00e9rent?\n\t\t\t<\/h2>\n\t\t\t<p>La conception innovante de Vizera offre de multiples avantages par rapport aux \u00e9crans faciaux traditionnels.<\/p>\t\n\t<h4>\n\t\t\t\tConception innovante\n\t\t\t<\/h4>\n\t\t\t<p>Le syst\u00e8me de suspension \u00e0 3 points et la conception flexible offrent un confort et une valeur in\u00e9gal\u00e9s.<\/p>\t\n\t<h4>\n\t\t\t\tComfort\n\t\t\t<\/h4>\n\t\t\t<p>Le syst\u00e8me de suspension offre une conception ergonomique qui r\u00e9partit le poids uniform\u00e9ment.<\/p>\n\t<h4>\n\t\t\t\tR\u00e9utilisable\n\t\t\t<\/h4>\n\t\t\t<p>VIZERA est facile \u00e0 nettoyer et \u00e0 r\u00e9utiliser. Des visi\u00e8res de remplacement abordables sont disponibles.<\/p>\t\n\t<h4>\n\t\t\t\tAdaptable\n\t\t\t<\/h4>\n\t\t\t<p>Concentrez-vous sur votre travail, pas sur votre \u00e9quipement.<\/p>\t\n\t<h2>\n\t\t\t\tSoyez avis\u00e9 lors du lancement de VIZERA\n\t\t\t<\/h2>\n\t\t\t<p>Rejoignez notre liste d&rsquo;attente pour b\u00e9n\u00e9ficier d&rsquo;une r\u00e9duction de lancement exclusive.<\/p>\t\n\t<h2>\n\t\t\t\tT\u00e9moignages\n\t\t\t<\/h2>\n\t\t\t<p>Voici ce que des gens qui portent du EPI pour de longues p\u00e9riodes ont \u00e0 dire au sujet de Vizera.<\/p>\t\n\t\t\t\t<p>Je l&rsquo;adore! Il est si l\u00e9ger que j&rsquo;oublie que je le porte. <\/p>\n\t\t\t\t<h4>Line &#8211; Assistante dentaire<\/h4>\n\t\t\t\t<p>Incroyablement confortable ! Je peux le porter toute la journ\u00e9e sans mal de t\u00eate. <\/p>\n\t\t\t\t<h4>Tammy<\/h4>\n\t\t\t\t<p>Ne changez rien ! Confortable et l\u00e9ger. <\/p>\n\t\t\t\t<h4>Michelle &#8211; Assistante dentaire<\/h4>\n\t\t\t\t<img loading=\"lazy\" decoding=\"async\" src=\"https:\/\/novosta.com\/wp-content\/uploads\/Visiere-08749.jpg\" alt=\"VIZERA Premium Face-shield by Novosta\" itemprop=\"image\" height=\"1080\" width=\"1920\" title=\"Visiere-08749\" onerror=\"this.style.display='none'\"  \/>\n\n","protected":false},"excerpt":{"rendered":"<p>123, Central Square, New York Christina&#8217;s Makeup Studio A short description that goes well with the title and the purpose of the page. Make it look attractive so that users are encouraged to click on the call-to-action. Get Gorgeous Contact now Welcome To My Beauty Studio Tell people a little about your studio. Some lines &hellip;<\/p>\n<p class=\"read-more\"> <a class=\"\" href=\"https:\/\/websitedemos.net\/makeup-artist-01\/\"> <span class=\"screen-reader-text\">Home<\/span> Read More &raquo;<\/a><\/p>\n","protected":false},"author":1,"featured_media":0,"parent":0,"menu_order":0,"comment_status":"closed","ping_status":"closed","template":"","meta":{"site-sidebar-layout":"no-sidebar","site-content-layout":"page-builder","ast-global-header-display":"","ast-main-header-display":"","ast-hfb-above-header-display":"","ast-hfb-below-header-display":"","ast-hfb-mobile-header-display":"","site-post-title":"disabled","ast-breadcrumbs-content":"","ast-featured-img":"disabled","footer-sml-layout":"","theme-transparent-header-meta":"enabled","adv-header-id-meta":"","stick-header-meta":"","header-above-stick-meta":"","header-main-stick-meta":"","header-below-stick-meta":"","footnotes":""},"class_list":["post-25601","page","type-page","status-publish","hentry"],"acf":[],"_links":{"self":[{"href":"https:\/\/novosta.com\/fr\/wp-json\/wp\/v2\/pages\/25601","targetHints":{"allow":["GET"]}}],"collection":[{"href":"https:\/\/novosta.com\/fr\/wp-json\/wp\/v2\/pages"}],"about":[{"href":"https:\/\/novosta.com\/fr\/wp-json\/wp\/v2\/types\/page"}],"author":[{"embeddable":true,"href":"https:\/\/novosta.com\/fr\/wp-json\/wp\/v2\/users\/1"}],"replies":[{"embeddable":true,"href":"https:\/\/novosta.com\/fr\/wp-json\/wp\/v2\/comments?post=25601"}],"version-history":[{"count":12,"href":"https:\/\/novosta.com\/fr\/wp-json\/wp\/v2\/pages\/25601\/revisions"}],"predecessor-version":[{"id":25783,"href":"https:\/\/novosta.com\/fr\/wp-json\/wp\/v2\/pages\/25601\/revisions\/25783"}],"wp:attachment":[{"href":"https:\/\/novosta.com\/fr\/wp-json\/wp\/v2\/media?parent=25601"}],"curies":[{"name":"wp","href":"https:\/\/api.w.org\/{rel}","templated":true}]}}