{"id":25768,"date":"2021-04-14T12:52:22","date_gmt":"2021-04-14T16:52:22","guid":{"rendered":"https:\/\/novosta.com\/product\/visiere-de-protection-vizera\/"},"modified":"2025-04-26T14:09:45","modified_gmt":"2025-04-26T18:09:45","slug":"visiere-de-protection-vizera","status":"publish","type":"product","link":"https:\/\/novosta.com\/fr\/produit\/visiere-de-protection-vizera\/","title":{"rendered":"Visi\u00e8re de protection VIZERA"},"content":{"rendered":"<p>&#8211; Taille unique<br \/>\n&#8211; Convient aux lunettes et aux loupes<br \/>\n&#8211; Un syst\u00e8me de suspension \u00e0 trois points, fin et presque invisible pour assurer le plus haut degr\u00e9 de confort<br \/>\n&#8211; Un syst\u00e8me de crochet incorpor\u00e9 pour presque tous les types de masque, qui permettait de rel\u00e2cher la tension exerc\u00e9e derri\u00e8re les oreilles, surtout pour ceux qui travaillent plusieurs heures par jour, ce n&rsquo;est pas rien comme caract\u00e9ristique<br \/>\n&#8211; Visi\u00e8re de qualit\u00e9<br \/>\n&#8211; Visi\u00e8res de remplacement tr\u00e8s faciles<br \/>\n&#8211; 100% fi\u00e8rement con\u00e7u et fabriqu\u00e9 au Canada <\/p>\n","protected":false},"excerpt":{"rendered":"<p>Vizera de Novosta est une visi\u00e8re de protection r\u00e9utilisable de qualit\u00e9 sup\u00e9rieure qui offre un confort et une flexibilit\u00e9 in\u00e9gal\u00e9s gr\u00e2ce \u00e0 son design simple mais innovant. <\/p>\n","protected":false},"featured_media":25672,"comment_status":"open","ping_status":"closed","template":"","meta":{"site-sidebar-layout":"default","site-content-layout":"default","ast-global-header-display":"","ast-main-header-display":"","ast-hfb-above-header-display":"","ast-hfb-below-header-display":"","ast-hfb-mobile-header-display":"","site-post-title":"","ast-breadcrumbs-content":"","ast-featured-img":"","footer-sml-layout":"","theme-transparent-header-meta":"default","adv-header-id-meta":"","stick-header-meta":"","header-above-stick-meta":"","header-main-stick-meta":"","header-below-stick-meta":""},"product_cat":[41],"product_tag":[42],"class_list":["post-25768","product","type-product","status-publish","has-post-thumbnail","hentry","product_cat-equipements-de-protection-individuels","product_tag-epi","desktop-align-left","tablet-align-left","mobile-align-left"],"acf":[],"_links":{"self":[{"href":"https:\/\/novosta.com\/fr\/wp-json\/wp\/v2\/product\/25768","targetHints":{"allow":["GET"]}}],"collection":[{"href":"https:\/\/novosta.com\/fr\/wp-json\/wp\/v2\/product"}],"about":[{"href":"https:\/\/novosta.com\/fr\/wp-json\/wp\/v2\/types\/product"}],"replies":[{"embeddable":true,"href":"https:\/\/novosta.com\/fr\/wp-json\/wp\/v2\/comments?post=25768"}],"wp:featuredmedia":[{"embeddable":true,"href":"https:\/\/novosta.com\/fr\/wp-json\/wp\/v2\/media\/25672"}],"wp:attachment":[{"href":"https:\/\/novosta.com\/fr\/wp-json\/wp\/v2\/media?parent=25768"}],"wp:term":[{"taxonomy":"product_cat","embeddable":true,"href":"https:\/\/novosta.com\/fr\/wp-json\/wp\/v2\/product_cat?post=25768"},{"taxonomy":"product_tag","embeddable":true,"href":"https:\/\/novosta.com\/fr\/wp-json\/wp\/v2\/product_tag?post=25768"}],"curies":[{"name":"wp","href":"https:\/\/api.w.org\/{rel}","templated":true}]}}